{"id":15,"date":"2015-02-08T20:22:50","date_gmt":"2015-02-08T20:22:50","guid":{"rendered":"http:\/\/knecht-hilft.de\/?page_id=15"},"modified":"2015-02-17T14:52:22","modified_gmt":"2015-02-17T14:52:22","slug":"leistungen","status":"publish","type":"page","link":"https:\/\/knecht-hilft.de\/?page_id=15","title":{"rendered":"Unsere Leistungen"},"content":{"rendered":"<p>Um Ihnen einen \u00dcberblick \u00fcber unsere Leistungen zu verschaffen, finden Sie auf den folgenden Seiten alles zu den nachfolgend genannten Themen.<\/p>\n<p>\u2022 Entr\u00fcmpelung &amp; Entkernung<br \/>\n\u2022 Haushaltsaufl\u00f6sungen<br \/>\n\u2022 Demontage<br \/>\n\u2022 Messiwohnungen<br \/>\n\u2022 Umz\u00fcge<\/p>\n<p>Ob Entsorgung oder fachgerechtes Verpacken, was f\u00fcr Sie wichtig ist, hat f\u00fcr uns oberste Priorit\u00e4t!<\/p>\n<p>Auf Wunsch k\u00f6nnen Wertgegenst\u00e4nde angerechnet werden.<\/p>\n<p>Sonderm\u00fcll wird von uns selbstverst\u00e4ndlich zu 100% fachgerecht entsorgt.<\/p>\n<p>Sollten Sie Akten zu vernichten haben, so bekommen Sie von uns einen dokumentierten Vernichtungsnachweis.<\/p>\n<p>Ob Firmen oder Privatperson: Erfahren Sie, was wir f\u00fcr Sie tun k\u00f6nnen. F\u00fcr ein detailliertes Angebot nehmen Sie bitte jederzeit Kontakt mit uns auf, wir vereinbaren gerne einen unverbindlichen Besichtigungstermin.<\/p>\n","protected":false},"excerpt":{"rendered":"<p>Um Ihnen einen \u00dcberblick \u00fcber unsere Leistungen zu verschaffen, finden Sie auf den folgenden Seiten alles zu den nachfolgend genannten Themen. \u2022 Entr\u00fcmpelung &amp; Entkernung \u2022 Haushaltsaufl\u00f6sungen \u2022 Demontage \u2022 Messiwohnungen \u2022 Umz\u00fcge Ob Entsorgung oder fachgerechtes Verpacken, was f\u00fcr Sie wichtig ist, hat f\u00fcr uns oberste Priorit\u00e4t! Auf Wunsch k\u00f6nnen Wertgegenst\u00e4nde angerechnet werden. Sonderm\u00fcll &hellip; <a href=\"https:\/\/knecht-hilft.de\/?page_id=15\" class=\"more-link\"><span class=\"screen-reader-text\">Unsere Leistungen<\/span> weiterlesen <span class=\"meta-nav\">&rarr;<\/span><\/a><\/p>\n","protected":false},"author":1,"featured_media":0,"parent":0,"menu_order":1,"comment_status":"closed","ping_status":"closed","template":"","meta":[],"_links":{"self":[{"href":"https:\/\/knecht-hilft.de\/index.php?rest_route=\/wp\/v2\/pages\/15"}],"collection":[{"href":"https:\/\/knecht-hilft.de\/index.php?rest_route=\/wp\/v2\/pages"}],"about":[{"href":"https:\/\/knecht-hilft.de\/index.php?rest_route=\/wp\/v2\/types\/page"}],"author":[{"embeddable":true,"href":"https:\/\/knecht-hilft.de\/index.php?rest_route=\/wp\/v2\/users\/1"}],"replies":[{"embeddable":true,"href":"https:\/\/knecht-hilft.de\/index.php?rest_route=%2Fwp%2Fv2%2Fcomments&post=15"}],"version-history":[{"count":2,"href":"https:\/\/knecht-hilft.de\/index.php?rest_route=\/wp\/v2\/pages\/15\/revisions"}],"predecessor-version":[{"id":18,"href":"https:\/\/knecht-hilft.de\/index.php?rest_route=\/wp\/v2\/pages\/15\/revisions\/18"}],"wp:attachment":[{"href":"https:\/\/knecht-hilft.de\/index.php?rest_route=%2Fwp%2Fv2%2Fmedia&parent=15"}],"curies":[{"name":"wp","href":"https:\/\/api.w.org\/{rel}","templated":true}]}}