{"id":23,"date":"2015-02-17T14:53:11","date_gmt":"2015-02-17T14:53:11","guid":{"rendered":"http:\/\/knecht-hilft.de\/?page_id=23"},"modified":"2021-03-11T14:46:09","modified_gmt":"2021-03-11T14:46:09","slug":"impressum","status":"publish","type":"page","link":"https:\/\/knecht-hilft.de\/?page_id=23","title":{"rendered":"Impressum"},"content":{"rendered":"<p align=\"left\"><strong>Robert Knecht<\/strong><\/p>\n<p>Bergstra\u00dfe 20<br \/>\n63762 Gro\u00dfostheim<\/p>\n<p>Telefon:\u00a0\u00a0\u00a00176-78620822<br \/>\nE-Mail:\u00a0\u00a0\u00a0\u00a0\u00a0info[at]knecht-hilft.de<br \/>\nWeb:\u00a0\u00a0\u00a0\u00a0\u00a0\u00a0\u00a0\u00a0www.knecht-hilft.de<\/p>\n<hr \/>\n<h2 align=\"center\"><a name=\"ha\"><\/a>Haftungsausschluss<br \/>\nDisclaimer<\/h2>\n<p align=\"justify\"><strong>Haftung f\u00fcr Inhalte:<\/strong><br \/>\nDie Inhalte dieser Seiten wurden mit gr\u00f6\u00dfter Sorgfalt erstellt. F\u00fcr die Richtigkeit, Vollst\u00e4ndigkeit und Aktualit\u00e4t der Inhalte \u00fcbernimmt der Betreiber kein Gew\u00e4hr.<br \/>\nGem\u00e4\u00df \u00a7 7 Abs.1 TMG ist der Betreiber einer Internetpr\u00e4senz f\u00fcr eigene Inhalte verantwortlich, gem\u00e4\u00df \u00a7\u00a7 8 bis 10 TMG jedoch nicht f\u00fcr extern gespeicherte, \u00fcbermittelte Daten und deren \u00dcberwachung auf rechtswidrige T\u00e4tigkeiten\/Inhalte.<br \/>\nDer Betreiber verpflichtet sich ab dem Zeitpunkt seiner Kenntnis einer Rechtsverletzung durch \u00fcbermittelte Inhalte diese umgehend zu entfernen.<\/p>\n<p align=\"justify\"><strong>Haftung f\u00fcr Links:<\/strong><br \/>\nTrotz sorgf\u00e4ltiger inhaltlicher Kontrolle \u00fcbernimmt der Betreiber dieser Internet-Seite keine Haftung f\u00fcr die Inhalte externer Links. F\u00fcr den Inhalt der verlinkten Seiten sind ausschlie\u00dflich deren Betreiber verantwortlich.<\/p>\n<p align=\"justify\"><strong>Urheberrecht | Copyright<\/strong><br \/>\nAlle Rechte vorbehalten. Vervielf\u00e4ltigung im Ganzen oder in Teilen ist ohne ausdr\u00fcckliche Genehmigung der im Impressum angegeben Person in jeglicher Form und auf jedem Medium verboten.<\/p>\n<p align=\"justify\"><strong>Datenschutz<\/strong><br \/>\nAlle Daten, die in den Kontaktformularen eingegeben werden, bleiben nur f\u00fcr den dort vorgesehenen Zweck gespeichert. Eine Weitergabe, Ver\u00f6ffentlichung oder eine Verwendung f\u00fcr andere Zwecke erfolgt nicht.<\/p>\n","protected":false},"excerpt":{"rendered":"<p>Robert Knecht Bergstra\u00dfe 20 63762 Gro\u00dfostheim Telefon:\u00a0\u00a0\u00a00176-78620822 E-Mail:\u00a0\u00a0\u00a0\u00a0\u00a0info[at]knecht-hilft.de Web:\u00a0\u00a0\u00a0\u00a0\u00a0\u00a0\u00a0\u00a0www.knecht-hilft.de Haftungsausschluss Disclaimer Haftung f\u00fcr Inhalte: Die Inhalte dieser Seiten wurden mit gr\u00f6\u00dfter Sorgfalt erstellt. F\u00fcr die Richtigkeit, Vollst\u00e4ndigkeit und Aktualit\u00e4t der Inhalte \u00fcbernimmt der Betreiber kein Gew\u00e4hr. Gem\u00e4\u00df \u00a7 7 Abs.1 TMG ist der Betreiber einer Internetpr\u00e4senz f\u00fcr eigene Inhalte verantwortlich, gem\u00e4\u00df \u00a7\u00a7 8 bis 10 &hellip; <a href=\"https:\/\/knecht-hilft.de\/?page_id=23\" class=\"more-link\"><span class=\"screen-reader-text\">Impressum<\/span> weiterlesen <span class=\"meta-nav\">&rarr;<\/span><\/a><\/p>\n","protected":false},"author":1,"featured_media":0,"parent":0,"menu_order":0,"comment_status":"closed","ping_status":"open","template":"","meta":[],"_links":{"self":[{"href":"https:\/\/knecht-hilft.de\/index.php?rest_route=\/wp\/v2\/pages\/23"}],"collection":[{"href":"https:\/\/knecht-hilft.de\/index.php?rest_route=\/wp\/v2\/pages"}],"about":[{"href":"https:\/\/knecht-hilft.de\/index.php?rest_route=\/wp\/v2\/types\/page"}],"author":[{"embeddable":true,"href":"https:\/\/knecht-hilft.de\/index.php?rest_route=\/wp\/v2\/users\/1"}],"replies":[{"embeddable":true,"href":"https:\/\/knecht-hilft.de\/index.php?rest_route=%2Fwp%2Fv2%2Fcomments&post=23"}],"version-history":[{"count":2,"href":"https:\/\/knecht-hilft.de\/index.php?rest_route=\/wp\/v2\/pages\/23\/revisions"}],"predecessor-version":[{"id":78,"href":"https:\/\/knecht-hilft.de\/index.php?rest_route=\/wp\/v2\/pages\/23\/revisions\/78"}],"wp:attachment":[{"href":"https:\/\/knecht-hilft.de\/index.php?rest_route=%2Fwp%2Fv2%2Fmedia&parent=23"}],"curies":[{"name":"wp","href":"https:\/\/api.w.org\/{rel}","templated":true}]}}