{"id":31,"date":"2015-02-17T15:07:32","date_gmt":"2015-02-17T15:07:32","guid":{"rendered":"http:\/\/knecht-hilft.de\/?page_id=31"},"modified":"2015-03-01T11:01:20","modified_gmt":"2015-03-01T11:01:20","slug":"messiwohnungen","status":"publish","type":"page","link":"https:\/\/knecht-hilft.de\/?page_id=31","title":{"rendered":"Messiwohnungen"},"content":{"rendered":"<p style=\"text-align: left;\">Mietnomaden hinterlassen gro\u00dfe Sch\u00e4den, die alleine kaum zu bew\u00e4ltigen sind. Aus diesem Grund bieten wir Ihnen unsere volle Unterst\u00fctzung bei der Beseitigung jeglichen M\u00fclls an. Sollten Sch\u00e4dlinge oder Ungeziefer bek\u00e4mpft werden m\u00fcssen, so arbeiten wir selbstverst\u00e4ndlich mit fachbezogenen Firmen zusammnen.<\/p>\n<figure id=\"attachment_45\" aria-describedby=\"caption-attachment-45\" style=\"width: 150px\" class=\"wp-caption alignleft\"><a href=\"http:\/\/knecht-hilft.de\/wp-content\/uploads\/messi1.jpg\"><img loading=\"lazy\" class=\"wp-image-45 size-thumbnail\" src=\"http:\/\/knecht-hilft.de\/wp-content\/uploads\/messi1-150x150.jpg\" alt=\"So finden wir Messiwohnungen in der Regel vor.\" width=\"150\" height=\"150\" \/><\/a><figcaption id=\"caption-attachment-45\" class=\"wp-caption-text\">So finden wir Messiwohnungen in der Regel vor.<\/figcaption><\/figure>\n<p>&nbsp;<\/p>\n<figure id=\"attachment_46\" aria-describedby=\"caption-attachment-46\" style=\"width: 150px\" class=\"wp-caption aligncenter\"><a href=\"http:\/\/knecht-hilft.de\/wp-content\/uploads\/messi2.jpg\"><img loading=\"lazy\" class=\"wp-image-46 size-thumbnail\" src=\"http:\/\/knecht-hilft.de\/wp-content\/uploads\/messi2-150x150.jpg\" alt=\"\" width=\"150\" height=\"150\" \/><\/a><figcaption id=\"caption-attachment-46\" class=\"wp-caption-text\">Hier wird professionelle Hilfe ben\u00f6tigt.<\/figcaption><\/figure>\n<p>&nbsp;<\/p>\n<figure id=\"attachment_47\" aria-describedby=\"caption-attachment-47\" style=\"width: 150px\" class=\"wp-caption alignright\"><a href=\"http:\/\/knecht-hilft.de\/wp-content\/uploads\/messi3.jpg\"><img loading=\"lazy\" class=\"wp-image-47 size-thumbnail\" src=\"http:\/\/knecht-hilft.de\/wp-content\/uploads\/messi3-150x150.jpg\" alt=\"So sieht professionelle Hilfe aus.\" width=\"150\" height=\"150\" \/><\/a><figcaption id=\"caption-attachment-47\" class=\"wp-caption-text\">So sieht professionelle Hilfe aus.<\/figcaption><\/figure>\n<p>&nbsp;<\/p>\n<figure id=\"attachment_48\" aria-describedby=\"caption-attachment-48\" style=\"width: 150px\" class=\"wp-caption aligncenter\"><a href=\"http:\/\/knecht-hilft.de\/wp-content\/uploads\/messi4.jpg\"><img loading=\"lazy\" class=\"wp-image-48 size-thumbnail\" src=\"http:\/\/knecht-hilft.de\/wp-content\/uploads\/messi4-150x150.jpg\" alt=\"Das Resultat sind B\u00fcro- und Wohnobjekte, die wieder genutzt werden k\u00f6nnen.\" width=\"150\" height=\"150\" \/><\/a><figcaption id=\"caption-attachment-48\" class=\"wp-caption-text\">Das Resultat sind B\u00fcro- und Wohnobjekte, die wieder genutzt werden k\u00f6nnen.<\/figcaption><\/figure>\n<p>Dabei sorgen wir f\u00fcr eine umweltgerechte Entsorgung aller in der Wohnung zerst\u00f6rten Gegenst\u00e4nde und Materialien und verlassen das Objekt erst dann, wenn wir es besenrein \u00fcbergeben k\u00f6nnen.<\/p>\n<p>Manchmal kommt es auch vor, dass gerade \u00e4ltere Menschen in ihrer Wohnung versterben. Oftmals reicht dann eine blo\u00dfe Entr\u00fcmpelung nicht aus. Eine dokumentierte Desinfektion ist dann dringend erforderlich, um Ger\u00fcche und Bakterien sicher zu beseitigen. Auch hier sind wir f\u00fcr Sie da und arbeiten Hand in Hand mit Spezialisten zusammen.<\/p>\n<p>Sie brauchen schnelle Hilfe? Dann nehmen Sie am besten gleich Kontakt mit uns auf.<\/p>\n","protected":false},"excerpt":{"rendered":"<p>Mietnomaden hinterlassen gro\u00dfe Sch\u00e4den, die alleine kaum zu bew\u00e4ltigen sind. Aus diesem Grund bieten wir Ihnen unsere volle Unterst\u00fctzung bei der Beseitigung jeglichen M\u00fclls an. Sollten Sch\u00e4dlinge oder Ungeziefer bek\u00e4mpft werden m\u00fcssen, so arbeiten wir selbstverst\u00e4ndlich mit fachbezogenen Firmen zusammnen. &nbsp; &nbsp; &nbsp; Dabei sorgen wir f\u00fcr eine umweltgerechte Entsorgung aller in der Wohnung zerst\u00f6rten &hellip; <a href=\"https:\/\/knecht-hilft.de\/?page_id=31\" class=\"more-link\"><span class=\"screen-reader-text\">Messiwohnungen<\/span> weiterlesen <span class=\"meta-nav\">&rarr;<\/span><\/a><\/p>\n","protected":false},"author":1,"featured_media":0,"parent":15,"menu_order":3,"comment_status":"closed","ping_status":"closed","template":"","meta":[],"_links":{"self":[{"href":"https:\/\/knecht-hilft.de\/index.php?rest_route=\/wp\/v2\/pages\/31"}],"collection":[{"href":"https:\/\/knecht-hilft.de\/index.php?rest_route=\/wp\/v2\/pages"}],"about":[{"href":"https:\/\/knecht-hilft.de\/index.php?rest_route=\/wp\/v2\/types\/page"}],"author":[{"embeddable":true,"href":"https:\/\/knecht-hilft.de\/index.php?rest_route=\/wp\/v2\/users\/1"}],"replies":[{"embeddable":true,"href":"https:\/\/knecht-hilft.de\/index.php?rest_route=%2Fwp%2Fv2%2Fcomments&post=31"}],"version-history":[{"count":18,"href":"https:\/\/knecht-hilft.de\/index.php?rest_route=\/wp\/v2\/pages\/31\/revisions"}],"predecessor-version":[{"id":70,"href":"https:\/\/knecht-hilft.de\/index.php?rest_route=\/wp\/v2\/pages\/31\/revisions\/70"}],"up":[{"embeddable":true,"href":"https:\/\/knecht-hilft.de\/index.php?rest_route=\/wp\/v2\/pages\/15"}],"wp:attachment":[{"href":"https:\/\/knecht-hilft.de\/index.php?rest_route=%2Fwp%2Fv2%2Fmedia&parent=31"}],"curies":[{"name":"wp","href":"https:\/\/api.w.org\/{rel}","templated":true}]}}