{"id":35,"date":"2015-02-17T15:08:31","date_gmt":"2015-02-17T15:08:31","guid":{"rendered":"http:\/\/knecht-hilft.de\/?page_id=35"},"modified":"2015-02-17T15:09:17","modified_gmt":"2015-02-17T15:09:17","slug":"senioren-und-kleinumzuege","status":"publish","type":"page","link":"https:\/\/knecht-hilft.de\/?page_id=35","title":{"rendered":"Senioren- und Kleinumz\u00fcge"},"content":{"rendered":"<p>Ein Umzug ist anstrengend und sollte sorgf\u00e4ltig geplant sein.<\/p>\n<p>Sie haben keine Zeit? Kein Problem, wir \u00fcbernehmen das gerne f\u00fcr Sie.<br \/>\nGanz unabh\u00e4ngig davon, ob wir nur M\u00f6bel f\u00fcr Sie transportieren sollen, oder Sie sich f\u00fcr das Rundumpaket mit Einpackservice entscheiden, wir sind f\u00fcr Sie da.<\/p>\n<p>F\u00fcr Fragen und Angebote k\u00f6nnen Sie uns jederzeit gerne kontaktieren.<\/p>\n","protected":false},"excerpt":{"rendered":"<p>Ein Umzug ist anstrengend und sollte sorgf\u00e4ltig geplant sein. Sie haben keine Zeit? Kein Problem, wir \u00fcbernehmen das gerne f\u00fcr Sie. Ganz unabh\u00e4ngig davon, ob wir nur M\u00f6bel f\u00fcr Sie transportieren sollen, oder Sie sich f\u00fcr das Rundumpaket mit Einpackservice entscheiden, wir sind f\u00fcr Sie da. F\u00fcr Fragen und Angebote k\u00f6nnen Sie uns jederzeit gerne &hellip; <a href=\"https:\/\/knecht-hilft.de\/?page_id=35\" class=\"more-link\"><span class=\"screen-reader-text\">Senioren- und Kleinumz\u00fcge<\/span> weiterlesen <span class=\"meta-nav\">&rarr;<\/span><\/a><\/p>\n","protected":false},"author":1,"featured_media":0,"parent":15,"menu_order":5,"comment_status":"closed","ping_status":"closed","template":"","meta":[],"_links":{"self":[{"href":"https:\/\/knecht-hilft.de\/index.php?rest_route=\/wp\/v2\/pages\/35"}],"collection":[{"href":"https:\/\/knecht-hilft.de\/index.php?rest_route=\/wp\/v2\/pages"}],"about":[{"href":"https:\/\/knecht-hilft.de\/index.php?rest_route=\/wp\/v2\/types\/page"}],"author":[{"embeddable":true,"href":"https:\/\/knecht-hilft.de\/index.php?rest_route=\/wp\/v2\/users\/1"}],"replies":[{"embeddable":true,"href":"https:\/\/knecht-hilft.de\/index.php?rest_route=%2Fwp%2Fv2%2Fcomments&post=35"}],"version-history":[{"count":1,"href":"https:\/\/knecht-hilft.de\/index.php?rest_route=\/wp\/v2\/pages\/35\/revisions"}],"predecessor-version":[{"id":36,"href":"https:\/\/knecht-hilft.de\/index.php?rest_route=\/wp\/v2\/pages\/35\/revisions\/36"}],"up":[{"embeddable":true,"href":"https:\/\/knecht-hilft.de\/index.php?rest_route=\/wp\/v2\/pages\/15"}],"wp:attachment":[{"href":"https:\/\/knecht-hilft.de\/index.php?rest_route=%2Fwp%2Fv2%2Fmedia&parent=35"}],"curies":[{"name":"wp","href":"https:\/\/api.w.org\/{rel}","templated":true}]}}